{"id":4641,"date":"2016-09-15T03:42:19","date_gmt":"2016-09-15T03:42:19","guid":{"rendered":"http:\/\/demo.arrowpress.net\/fekra_sample\/?page_id=39"},"modified":"2024-06-27T10:48:36","modified_gmt":"2024-06-27T10:48:36","slug":"home-business-2","status":"publish","type":"page","link":"https:\/\/horizonterecover.pt\/fr\/","title":{"rendered":"Home &#8211; Business"},"content":{"rendered":"<p>[vc_row full_width=&#8221;stretch_row_content_no_spaces&#8221;][vc_column][rev_slider_vc alias=&#8221;slider-home-fr&#8221;][\/vc_column][\/vc_row][vc_row el_class=&#8221;about-section padding-top-60&#8243; css=&#8221;.vc_custom_1719410715955{padding-right: 5% !important;padding-left: 5% !important;}&#8221;][vc_column][vc_custom_heading text=&#8221;NOUS NE TRAITONS PAS DES SUBSTANCES, NOUS TRAITONS DES PERSONNES&#8221; font_container=&#8221;tag:h1|text_align:left|color:%235d819a&#8221; use_theme_fonts=&#8221;yes&#8221;][\/vc_column][\/vc_row][vc_row css=&#8221;.vc_custom_1719410707578{padding-right: 5% !important;padding-bottom: 5% !important;padding-left: 5% !important;}&#8221;][vc_column][vc_custom_heading text=&#8221;Horizonte est une clinique de traitement compos\u00e9e de techniciens ayant une vaste exp\u00e9rience dans le domaine des d\u00e9pendances et des d\u00e9pressions qui se distingue par le professionnalisme de son travail et la qualit\u00e9 de ses services et de ses installations.<br \/>\nNotre mission est de pouvoir fournir un service plus complet, plus qualifi\u00e9, avec plus de confort et avec plus de r\u00e9sultats \u00e0 un prix plus accessible.&#8221; font_container=&#8221;tag:h3|text_align:justify&#8221; google_fonts=&#8221;font_family:Roboto%3A100%2C100italic%2C300%2C300italic%2Cregular%2Citalic%2C500%2C500italic%2C700%2C700italic%2C900%2C900italic|font_style:300%20light%20regular%3A300%3Anormal&#8221;][\/vc_column][\/vc_row][vc_row][vc_column][vc_video link=&#8221;https:\/\/www.youtube.com\/watch?v=d4QbUkdnSoE&#8221;][\/vc_column][\/vc_row][vc_row full_width=&#8221;stretch_row&#8221; bg_type=&#8221;bg_color&#8221; bg_color_value=&#8221;#5d819a&#8221;][vc_column]    <div class=\"fekra-heading-style\">\r\n        <header class=\"page-heading text-center \">\r\n                                        <h2 class=\"text-capitalize font-light heading margin-bottom-10 lime \"><\/h2>\r\n                            <h2 style=\"text-align: center;\"><span style=\"color: #ffffff;\">&#8220;Changer consiste \u00e0 reconna\u00eetre, \u00e0 apprendre et \u00e0 ressentir. Pour changer, autant ou plus important que le temps, il faut le travail int\u00e9rieur de changement du patient. Pour cela, nous disposons d&#8217;un programme th\u00e9rapeutique qui r\u00e9pond en tout point \u00e0 ce besoin de changement&#8221;.<\/span><\/h2>\n        <\/header>\r\n    <\/div>\r\n    [\/vc_column][\/vc_row][vc_row full_width=&#8221;stretch_row&#8221; el_class=&#8221;padding-bottom-60 padding-top-90&#8243; css=&#8221;.vc_custom_1456382492270{background-color: #f8f8f8 !important;}&#8221;][vc_column][vc_basic_grid post_type=&#8221;page&#8221; max_items=&#8221;10&#8243; orderby=&#8221;title&#8221; item=&#8221;4727&#8243; grid_id=&#8221;vc_gid:1719484705884-7dd77815-117c-6&#8243; exclude=&#8221;4662, 4641, 4648, 4650, 4660, 4616&#8243;][\/vc_column][\/vc_row][vc_row full_width=&#8221;stretch_row&#8221; bg_fixed=&#8221;enable_bg_fixed&#8221; bg_color_opacity=&#8221;enable_color_opacity&#8221; color_op=&#8221;rgba(0,0,0,0.4)&#8221; el_class=&#8221;testimon-section&#8221; css=&#8221;.vc_custom_1456367989788{background-image: url(http:\/\/demo.arrowpress.net\/fekra_sample\/wp-content\/uploads\/2016\/01\/img46.jpg?id=1115) !important;background-position: center !important;background-repeat: no-repeat !important;background-size: cover !important;}&#8221;][vc_column]    <div class=\"fekra-testimonial testimon-section\">\r\n                            <span class=\"icon\"><i class=\"fa fa-quote-left\"><\/i><\/span>\r\n                <div class=\"beans-slider\" data-rotate=\"true\">\r\n            <div class=\"beans-mask\">\r\n                <div class=\"beans-slideset\">\r\n                                            <div class=\"beans-slide\">\r\n                                                        <blockquote>\r\n                                <q>\"Tout traitement fonctionne non pas pour sa dur\u00e9e mais surtout pour ce qui est fait pendant le traitement.\"<\/q>\r\n                                                                <cite>\r\n                                    <span class=\"name\"><\/span>\r\n                                    <span class=\"comp-name\"><a href=\"#\"><\/a><\/span>\r\n                                <\/cite>\r\n                            <\/blockquote>\r\n                        <\/div>\r\n                                    <\/div>\r\n            <\/div>\r\n            <div class=\"beans-pagination small\">\r\n                <!-- pagination generated here -->\r\n            <\/div>\r\n        <\/div>\r\n    <\/div>\r\n    [\/vc_column][\/vc_row][vc_row][vc_column][vc_empty_space height=&#8221;42px&#8221;][\/vc_column][\/vc_row][vc_row][vc_column width=&#8221;1\/3&#8243;]<div class=\"aio-icon-component    style_3\"><div id=\"Info-box-wrap-7906\" class=\"aio-icon-box top-icon\" style=\"\"  ><div class=\"aio-icon-top\"><div class=\"ult-just-icon-wrapper  \"><div class=\"align-icon\" style=\"text-align:center;\">\n<div class=\"aio-icon circle \"  style=\"color:#ffffff;background:#5d819a;font-size:45px;display:inline-block;\">\n\t<i class=\"Defaults-check\"><\/i>\n<\/div><\/div><\/div><\/div><div class=\"aio-icon-header\" ><h4 class=\"aio-icon-title ult-responsive\"  data-ultimate-target='#Info-box-wrap-7906 .aio-icon-title'  data-responsive-json-new='{\"font-size\":\"\",\"line-height\":\"\"}'  style=\"\">CORPS CERTIFI\u00c9<\/h4><\/div> <!-- header --><\/div> <!-- aio-icon-box --><\/div> <!-- aio-icon-component -->[\/vc_column][vc_column width=&#8221;1\/3&#8243;]<div class=\"aio-icon-component    style_3\"><div id=\"Info-box-wrap-7470\" class=\"aio-icon-box top-icon\" style=\"\"  ><div class=\"aio-icon-top\"><div class=\"ult-just-icon-wrapper  \"><div class=\"align-icon\" style=\"text-align:center;\">\n<div class=\"aio-icon circle \"  style=\"color:#ffffff;background:#5d819a;font-size:45px;display:inline-block;\">\n\t<i class=\"Defaults-bar-chart bar-chart-o\"><\/i>\n<\/div><\/div><\/div><\/div><div class=\"aio-icon-header\" ><h4 class=\"aio-icon-title ult-responsive\"  data-ultimate-target='#Info-box-wrap-7470 .aio-icon-title'  data-responsive-json-new='{\"font-size\":\"\",\"line-height\":\"\"}'  style=\"\">UN TAUX DE R\u00c9USSITE \u00c9LEV\u00c9<\/h4><\/div> <!-- header --><\/div> <!-- aio-icon-box --><\/div> <!-- aio-icon-component -->[\/vc_column][vc_column width=&#8221;1\/3&#8243;]<div class=\"aio-icon-component    style_3\"><div id=\"Info-box-wrap-1421\" class=\"aio-icon-box top-icon\" style=\"\"  ><div class=\"aio-icon-top\"><div class=\"ult-just-icon-wrapper  \"><div class=\"align-icon\" style=\"text-align:center;\">\n<div class=\"aio-icon circle \"  style=\"color:#ffffff;background:#5d819a;font-size:45px;display:inline-block;\">\n\t<i class=\"Defaults-eye\"><\/i>\n<\/div><\/div><\/div><\/div><div class=\"aio-icon-header\" ><h4 class=\"aio-icon-title ult-responsive\"  data-ultimate-target='#Info-box-wrap-1421 .aio-icon-title'  data-responsive-json-new='{\"font-size\":\"\",\"line-height\":\"\"}'  style=\"\">UNE \u00c9QUIPE PLURIDISCIPLINAIRE<\/h4><\/div> <!-- header --><\/div> <!-- aio-icon-box --><\/div> <!-- aio-icon-component -->[\/vc_column][\/vc_row][vc_row full_width=&#8221;stretch_row&#8221; bg_type=&#8221;bg_color&#8221; bg_color_value=&#8221;#5d819a&#8221;][vc_column]    <div class=\"fekra-heading-style\">\r\n        <header class=\"page-heading text-center \">\r\n                                        <h2 class=\"text-capitalize font-light heading margin-bottom-10 lime \"><\/h2>\r\n                            <h2 style=\"text-align: center;\"><span style=\"color: #ffffff;\">Nous nous engageons \u00e0 accompagner le patient jusqu&#8217;\u00e0 sa r\u00e9insertion et \u00e0 continuer \u00e0 le suivre avec un programme et un plan de post-traitement. Ensemble, nous continuerons \u00e0 faire face aux nouveaux d\u00e9fis de la vie quotidienne, dans la r\u00e9cup\u00e9ration.<\/span><\/h2>\n        <\/header>\r\n    <\/div>\r\n    [\/vc_column][\/vc_row]<\/p>","protected":false},"excerpt":{"rendered":"<p>[vc_row full_width=&#8221;stretch_row_content_no_spaces&#8221;][vc_column][rev_slider_vc alias=&#8221;slider-home-fr&#8221;][\/vc_column][\/vc_row][vc_row el_class=&#8221;about-section padding-top-60&#8243; css=&#8221;.vc_custom_1719410715955{padding-right: 5% !important;padding-left: 5% !important;}&#8221;][vc_column][vc_custom_heading text=&#8221;NOUS NE TRAITONS PAS DES SUBSTANCES, NOUS TRAITONS DES PERSONNES&#8221; font_container=&#8221;tag:h1|text_align:left|color:%235d819a&#8221; use_theme_fonts=&#8221;yes&#8221;][\/vc_column][\/vc_row][vc_row css=&#8221;.vc_custom_1719410707578{padding-right: 5% !important;padding-bottom: 5% !important;padding-left: 5% !important;}&#8221;][vc_column][vc_custom_heading text=&#8221;Horizonte est une clinique de traitement compos\u00e9e de techniciens ayant une vaste exp\u00e9rience dans le domaine des d\u00e9pendances et des d\u00e9pressions qui se distingue par le&#8230;<\/p>\n","protected":false},"author":1,"featured_media":0,"parent":0,"menu_order":0,"comment_status":"closed","ping_status":"closed","template":"","meta":{"footnotes":""},"class_list":["post-4641","page","type-page","status-publish","hentry"],"_links":{"self":[{"href":"https:\/\/horizonterecover.pt\/fr\/wp-json\/wp\/v2\/pages\/4641","targetHints":{"allow":["GET"]}}],"collection":[{"href":"https:\/\/horizonterecover.pt\/fr\/wp-json\/wp\/v2\/pages"}],"about":[{"href":"https:\/\/horizonterecover.pt\/fr\/wp-json\/wp\/v2\/types\/page"}],"author":[{"embeddable":true,"href":"https:\/\/horizonterecover.pt\/fr\/wp-json\/wp\/v2\/users\/1"}],"replies":[{"embeddable":true,"href":"https:\/\/horizonterecover.pt\/fr\/wp-json\/wp\/v2\/comments?post=4641"}],"version-history":[{"count":98,"href":"https:\/\/horizonterecover.pt\/fr\/wp-json\/wp\/v2\/pages\/4641\/revisions"}],"predecessor-version":[{"id":5095,"href":"https:\/\/horizonterecover.pt\/fr\/wp-json\/wp\/v2\/pages\/4641\/revisions\/5095"}],"wp:attachment":[{"href":"https:\/\/horizonterecover.pt\/fr\/wp-json\/wp\/v2\/media?parent=4641"}],"curies":[{"name":"wp","href":"https:\/\/api.w.org\/{rel}","templated":true}]}}