{"id":4650,"date":"2019-11-01T17:50:52","date_gmt":"2019-11-01T17:50:52","guid":{"rendered":"https:\/\/horizonterecover.pt\/?page_id=4650"},"modified":"2024-06-27T13:27:13","modified_gmt":"2024-06-27T13:27:13","slug":"programa-terapeutico","status":"publish","type":"page","link":"https:\/\/horizonterecover.pt\/fr\/programa-terapeutico\/","title":{"rendered":"PROGRAMME TH\u00c9RAPEUTIQUE"},"content":{"rendered":"<p>[vc_row][vc_column]\n<div id=\"rev_slider_30_2_wrapper\" class=\"rev_slider_wrapper fullwidthbanner-container\" data-source=\"gallery\" style=\"margin:0px auto;background:transparent;padding:0px;margin-top:0px;margin-bottom:0px;\">\n<!-- START REVOLUTION SLIDER 5.4.8.3 fullwidth mode -->\n\t<div id=\"rev_slider_30_2\" class=\"rev_slider fullwidthabanner\" style=\"display:none;\" data-version=\"5.4.8.3\">\n<ul>\t<!-- SLIDE  -->\n\t<li data-index=\"rs-59\" data-transition=\"slideleft\" data-slotamount=\"default\" data-hideafterloop=\"0\" data-hideslideonmobile=\"off\"  data-easein=\"Power3.easeInOut\" data-easeout=\"default\" data-masterspeed=\"800\"  data-thumb=\"https:\/\/horizonterecover.pt\/wp-content\/uploads\/2016\/01\/changer-100x50.png\"  data-delay=\"6999\"  data-rotate=\"0\"  data-saveperformance=\"off\"  data-title=\"Slide\" data-param1=\"\" data-param2=\"\" data-param3=\"\" data-param4=\"\" data-param5=\"\" data-param6=\"\" data-param7=\"\" data-param8=\"\" data-param9=\"\" data-param10=\"\" data-description=\"\">\n\t\t<!-- MAIN IMAGE -->\n\t\t<img loading=\"lazy\" decoding=\"async\" src=\"https:\/\/horizonterecover.pt\/wp-content\/plugins\/revslider\/admin\/assets\/images\/dummy.png\"  alt=\"\" title=\"changer\"  width=\"1600\" height=\"800\" data-lazyload=\"https:\/\/horizonterecover.pt\/wp-content\/uploads\/2016\/01\/changer.png\" data-bgposition=\"center top\" data-bgfit=\"cover\" data-bgrepeat=\"no-repeat\" data-bgparallax=\"off\" class=\"rev-slidebg\" data-no-retina>\n\t\t<!-- LAYERS -->\n\t<\/li>\n<\/ul>\n<div class=\"tp-bannertimer tp-bottom\" style=\"visibility: hidden !important;\"><\/div>\t<\/div>\n<script>var htmlDiv = document.getElementById(\"rs-plugin-settings-inline-css\"); var htmlDivCss=\"\";\r\n\t\t\t\tif(htmlDiv) {\r\n\t\t\t\t\thtmlDiv.innerHTML = htmlDiv.innerHTML + htmlDivCss;\r\n\t\t\t\t}else{\r\n\t\t\t\t\tvar htmlDiv = document.createElement(\"div\");\r\n\t\t\t\t\thtmlDiv.innerHTML = \"<style>\" + htmlDivCss + \"<\/style>\";\r\n\t\t\t\t\tdocument.getElementsByTagName(\"head\")[0].appendChild(htmlDiv.childNodes[0]);\r\n\t\t\t\t}\r\n\t\t\t<\/script>\n\t\t<script type=\"text\/javascript\">\r\nif (setREVStartSize!==undefined) setREVStartSize(\r\n\t{c: '#rev_slider_30_2', gridwidth: [1400], gridheight: [600], sliderLayout: 'fullwidth'});\r\n\t\t\t\r\nvar revapi30,\r\n\ttpj;\t\r\n(function() {\t\t\t\r\n\tif (!\/loaded|interactive|complete\/.test(document.readyState)) document.addEventListener(\"DOMContentLoaded\",onLoad); else onLoad();\t\r\n\tfunction onLoad() {\t\t\t\t\r\n\t\tif (tpj===undefined) { tpj = jQuery; if(\"off\" == \"on\") tpj.noConflict();}\r\n\tif(tpj(\"#rev_slider_30_2\").revolution == undefined){\n\t\trevslider_showDoubleJqueryError(\"#rev_slider_30_2\");\n\t}else{\n\t\trevapi30 = tpj(\"#rev_slider_30_2\").show().revolution({\n\t\t\tsliderType:\"hero\",\n\t\t\tjsFileLocation:\"\/\/horizonterecover.pt\/wp-content\/plugins\/revslider\/public\/assets\/js\/\",\n\t\t\tsliderLayout:\"fullwidth\",\n\t\t\tdottedOverlay:\"none\",\n\t\t\tdelay:9000,\n\t\t\tvisibilityLevels:[1240,1024,778,480],\n\t\t\tgridwidth:1400,\n\t\t\tgridheight:600,\n\t\t\tlazyType:\"smart\",\n\t\t\tparallax: {\n\t\t\t\ttype:\"mouse\",\n\t\t\t\torigo:\"slidercenter\",\n\t\t\t\tspeed:2000,\n\t\t\t\tspeedbg:0,\n\t\t\t\tspeedls:0,\n\t\t\t\tlevels:[2,3,4,5,6,7,12,16,10,50,47,48,49,50,51,55],\n\t\t\t},\n\t\t\tshadow:0,\n\t\t\tspinner:\"off\",\n\t\t\tautoHeight:\"on\",\n\t\t\tdisableProgressBar:\"on\",\n\t\t\thideThumbsOnMobile:\"on\",\n\t\t\thideSliderAtLimit:0,\n\t\t\thideCaptionAtLimit:0,\n\t\t\thideAllCaptionAtLilmit:0,\n\t\t\tdebugMode:false,\n\t\t\tfallbacks: {\n\t\t\t\tsimplifyAll:\"off\",\n\t\t\t\tdisableFocusListener:false,\n\t\t\t}\n\t\t});\n\t}; \/* END OF revapi call *\/\n\t\n }; \/* END OF ON LOAD FUNCTION *\/\r\n}()); \/* END OF WRAPPING FUNCTION *\/\r\n<\/script>\r\n\t\t<\/div><!-- END REVOLUTION SLIDER -->[\/vc_column][\/vc_row][vc_row][vc_column][vc_empty_space][\/vc_column][\/vc_row][vc_row gap=&#8221;20&#8243; css=&#8221;.vc_custom_1719398595832{padding-right: 5% !important;padding-left: 5% !important;}&#8221;][vc_column width=&#8221;1\/2&#8243;][vc_custom_heading text=&#8221;PROGRAMME TH\u00c9RAPEUTIQUE&#8221; font_container=&#8221;tag:h2|text_align:left|color:%235d819a&#8221; use_theme_fonts=&#8221;yes&#8221;][vc_column_text]<\/p>\n<h2>L&#8217;importance de l&#8217;information :<\/h2>\n<p>Le succ\u00e8s d&#8217;un traitement d\u00e9pendra toujours de la qualit\u00e9 des informations et des connaissances que nous sommes en mesure de transmettre aux patients sur leur \u00e9tat. L\u2019addiction est une maladie reconnue par l&#8217;OMS et doit \u00eatre regard\u00e9e comme telle : chronique et progressive. Comme pour toute maladie, il est important de conna\u00eetre ses causes, ses effets et la mani\u00e8re dont elle les affecte, aussi, pendant le traitement, les patients devront d\u00e9montrer ce qu&#8217;ils ont \u00e9tudi\u00e9 et appris sur leur addition.[\/vc_column_text][\/vc_column][vc_column width=&#8221;1\/2&#8243;][vc_empty_space height=&#8221;62px&#8221;][vc_column_text]<\/p>\n<h2>L&#8217;importance du changement :<\/h2>\n<p>Tout traitement ne fonctionne pas pour sa dur\u00e9e mais surtout pour ce qui est fait pendant le traitement. Pour que le changement se manifeste, il est plus important que la dur\u00e9e du traitement de cr\u00e9er les conditions du changement : l&#8217;apprentissage et l&#8217;action qui est mis en place. L&#8217;issue de la r\u00e9cup\u00e9ration d\u00e9pendra des efforts d\u00e9ploy\u00e9s. Les r\u00e9sultats du changement int\u00e9rieur r\u00e9sultent du travail effectu\u00e9 par le patient et par toute l&#8217;\u00e9quipe th\u00e9rapeutique, ainsi que de l&#8217;\u00e9laboration d&#8217;un plan d&#8217;int\u00e9gration et de post-traitement. Qui ne change pas reste le m\u00eame, qui reste le m\u00eame r\u00e9p\u00e8te les m\u00eames actions.[\/vc_column_text][\/vc_column][\/vc_row][vc_row full_width=&#8221;stretch_row_content&#8221;][vc_column][vc_single_image image=&#8221;4933&#8243; img_size=&#8221;full&#8221; alignment=&#8221;center&#8221;][\/vc_column][\/vc_row][vc_row gap=&#8221;20&#8243; css=&#8221;.vc_custom_1719398608060{padding-right: 5% !important;padding-left: 5% !important;}&#8221;][vc_column width=&#8221;1\/2&#8243;][vc_column_text]Notre programme est ax\u00e9 sur des mod\u00e8les de th\u00e9rapie du changement et de la r\u00e9alit\u00e9, de changement de comportement, en consid\u00e9rant l&#8217;abstinence totale comme l&#8217;exigence fondamentale de cette m\u00eame transformation, selon le mod\u00e8le cognitivo-comportemental.<\/p>\n<p>Le programme se d\u00e9roule dans le cadre d&#8217;un r\u00e9gime d&#8217;hospitalisation, dans un environnement calme et au moment o\u00f9 ce processus est termin\u00e9, le traitement se poursuivra chaque fois que n\u00e9cessaire, avec des groupes de post-traitement et des s\u00e9ances individuelles.<\/p>\n<h4><span style=\"color: #5d819a;\">TH\u00c9RAPIE ET ACTIVIT\u00c9S COMPL\u00c9MENTAIRES:<\/span><\/h4>\n<ul>\n<li>Motivationnel<\/li>\n<li>Cognitif-Comportemental<\/li>\n<li>Rationnelle-\u00e9motive (TRE)<\/li>\n<li>Programmation neurolinguistique (PNL)<\/li>\n<li>Individuel<\/li>\n<li>De la r\u00e9alit\u00e9<\/li>\n<li>Familial<\/li>\n<li>Groupe<\/li>\n<li>La m\u00e9thode des douze \u00e9tapes<\/li>\n<li>Pr\u00e9vention des rechutes<\/li>\n<li>Th\u00e9rapie par l\u2019art<\/li>\n<li>Th\u00e9rapie assist\u00e9e par le cheval<\/li>\n<li>Th\u00e9rapies compl\u00e9mentaires : Yoga, Chi-kung, Plan sportif (gymnase et ext\u00e9rieur)<\/li>\n<\/ul>\n<p>[\/vc_column_text][\/vc_column][vc_column width=&#8221;1\/2&#8243;][vc_column_text]<strong>PROGRAMME FAMILIAL:<\/strong><\/p>\n<p>La famille, si souvent affect\u00e9e par le comportement du patient, constitue une partie importante du processus de traitement et son implication dans le plan th\u00e9rapeutique est b\u00e9n\u00e9fique. Dans la mesure du possible, la famille est invit\u00e9e \u00e0 participer \u00e0 des s\u00e9ances familiales dans le but d&#8217;apprendre \u00e0 faire face aux cons\u00e9quences et aux enjeux qui d\u00e9coulent de ces exp\u00e9riences probl\u00e9matiques. Ce programme est structur\u00e9 autour de plusieurs th\u00e9matiques et fonctionne sous un format virtuel, pour faciliter la fr\u00e9quentation.[\/vc_column_text][\/vc_column][\/vc_row][vc_row][vc_column][vc_custom_heading text=&#8221;NOTRE \u00c9QUIPE&#8221; font_container=&#8221;tag:h2|text_align:center&#8221; use_theme_fonts=&#8221;yes&#8221;][vc_column_text][a-team-showcase id=&#8221;5130&#8243;][\/vc_column_text][\/vc_column][\/vc_row]<\/p>","protected":false},"excerpt":{"rendered":"<p>[vc_row][vc_column][\/vc_column][\/vc_row][vc_row][vc_column][vc_empty_space][\/vc_column][\/vc_row][vc_row gap=&#8221;20&#8243; css=&#8221;.vc_custom_1719398595832{padding-right: 5% !important;padding-left: 5% !important;}&#8221;][vc_column width=&#8221;1\/2&#8243;][vc_custom_heading text=&#8221;PROGRAMME TH\u00c9RAPEUTIQUE&#8221; font_container=&#8221;tag:h2|text_align:left|color:%235d819a&#8221; use_theme_fonts=&#8221;yes&#8221;][vc_column_text] L&#8217;importance de l&#8217;information : Le succ\u00e8s d&#8217;un traitement d\u00e9pendra toujours de la qualit\u00e9 des informations et des connaissances que nous sommes en mesure de transmettre aux patients sur leur \u00e9tat. L\u2019addiction est une maladie reconnue par l&#8217;OMS et doit \u00eatre regard\u00e9e comme telle&#8230;<\/p>\n","protected":false},"author":1,"featured_media":0,"parent":0,"menu_order":0,"comment_status":"closed","ping_status":"closed","template":"","meta":{"footnotes":""},"class_list":["post-4650","page","type-page","status-publish","hentry"],"_links":{"self":[{"href":"https:\/\/horizonterecover.pt\/fr\/wp-json\/wp\/v2\/pages\/4650","targetHints":{"allow":["GET"]}}],"collection":[{"href":"https:\/\/horizonterecover.pt\/fr\/wp-json\/wp\/v2\/pages"}],"about":[{"href":"https:\/\/horizonterecover.pt\/fr\/wp-json\/wp\/v2\/types\/page"}],"author":[{"embeddable":true,"href":"https:\/\/horizonterecover.pt\/fr\/wp-json\/wp\/v2\/users\/1"}],"replies":[{"embeddable":true,"href":"https:\/\/horizonterecover.pt\/fr\/wp-json\/wp\/v2\/comments?post=4650"}],"version-history":[{"count":36,"href":"https:\/\/horizonterecover.pt\/fr\/wp-json\/wp\/v2\/pages\/4650\/revisions"}],"predecessor-version":[{"id":5143,"href":"https:\/\/horizonterecover.pt\/fr\/wp-json\/wp\/v2\/pages\/4650\/revisions\/5143"}],"wp:attachment":[{"href":"https:\/\/horizonterecover.pt\/fr\/wp-json\/wp\/v2\/media?parent=4650"}],"curies":[{"name":"wp","href":"https:\/\/api.w.org\/{rel}","templated":true}]}}