{"id":4652,"date":"2019-11-01T17:51:41","date_gmt":"2019-11-01T17:51:41","guid":{"rendered":"https:\/\/horizonterecover.pt\/?page_id=4652"},"modified":"2024-06-26T12:20:51","modified_gmt":"2024-06-26T12:20:51","slug":"toxicodependencia","status":"publish","type":"page","link":"https:\/\/horizonterecover.pt\/fr\/toxicodependencia\/","title":{"rendered":"TRAITEMENT DE LA TOXICOMANIE"},"content":{"rendered":"<p>[vc_row][vc_column]\n<div id=\"rev_slider_21_2_wrapper\" class=\"rev_slider_wrapper fullwidthbanner-container\" data-source=\"gallery\" style=\"margin:0px auto;background:transparent;padding:0px;margin-top:0px;margin-bottom:0px;\">\n<!-- START REVOLUTION SLIDER 5.4.8.3 fullwidth mode -->\n\t<div id=\"rev_slider_21_2\" class=\"rev_slider fullwidthabanner\" style=\"display:none;\" data-version=\"5.4.8.3\">\n<ul>\t<!-- SLIDE  -->\n\t<li data-index=\"rs-44\" data-transition=\"slideleft\" data-slotamount=\"default\" data-hideafterloop=\"0\" data-hideslideonmobile=\"off\"  data-easein=\"Power3.easeInOut\" data-easeout=\"default\" data-masterspeed=\"800\"  data-thumb=\"https:\/\/horizonterecover.pt\/wp-content\/uploads\/2016\/01\/DRUGS3-100x50.png\"  data-delay=\"6999\"  data-rotate=\"0\"  data-saveperformance=\"off\"  data-title=\"Slide\" data-param1=\"\" data-param2=\"\" data-param3=\"\" data-param4=\"\" data-param5=\"\" data-param6=\"\" data-param7=\"\" data-param8=\"\" data-param9=\"\" data-param10=\"\" data-description=\"\">\n\t\t<!-- MAIN IMAGE -->\n\t\t<img loading=\"lazy\" decoding=\"async\" src=\"https:\/\/horizonterecover.pt\/wp-content\/plugins\/revslider\/admin\/assets\/images\/dummy.png\"  alt=\"\" title=\"DRUGS3\"  width=\"1600\" height=\"800\" data-lazyload=\"https:\/\/horizonterecover.pt\/wp-content\/uploads\/2016\/01\/DRUGS3.png\" data-bgposition=\"center center\" data-bgfit=\"cover\" data-bgrepeat=\"no-repeat\" data-bgparallax=\"off\" class=\"rev-slidebg\" data-no-retina>\n\t\t<!-- LAYERS -->\n\t<\/li>\n<\/ul>\n<div class=\"tp-bannertimer tp-bottom\" style=\"visibility: hidden !important;\"><\/div>\t<\/div>\n<script>var htmlDiv = document.getElementById(\"rs-plugin-settings-inline-css\"); var htmlDivCss=\"\";\r\n\t\t\t\tif(htmlDiv) {\r\n\t\t\t\t\thtmlDiv.innerHTML = htmlDiv.innerHTML + htmlDivCss;\r\n\t\t\t\t}else{\r\n\t\t\t\t\tvar htmlDiv = document.createElement(\"div\");\r\n\t\t\t\t\thtmlDiv.innerHTML = \"<style>\" + htmlDivCss + \"<\/style>\";\r\n\t\t\t\t\tdocument.getElementsByTagName(\"head\")[0].appendChild(htmlDiv.childNodes[0]);\r\n\t\t\t\t}\r\n\t\t\t<\/script>\n\t\t<script type=\"text\/javascript\">\r\nif (setREVStartSize!==undefined) setREVStartSize(\r\n\t{c: '#rev_slider_21_2', gridwidth: [1400], gridheight: [600], sliderLayout: 'fullwidth'});\r\n\t\t\t\r\nvar revapi21,\r\n\ttpj;\t\r\n(function() {\t\t\t\r\n\tif (!\/loaded|interactive|complete\/.test(document.readyState)) document.addEventListener(\"DOMContentLoaded\",onLoad); else onLoad();\t\r\n\tfunction onLoad() {\t\t\t\t\r\n\t\tif (tpj===undefined) { tpj = jQuery; if(\"off\" == \"on\") tpj.noConflict();}\r\n\tif(tpj(\"#rev_slider_21_2\").revolution == undefined){\n\t\trevslider_showDoubleJqueryError(\"#rev_slider_21_2\");\n\t}else{\n\t\trevapi21 = tpj(\"#rev_slider_21_2\").show().revolution({\n\t\t\tsliderType:\"hero\",\n\t\t\tjsFileLocation:\"\/\/horizonterecover.pt\/wp-content\/plugins\/revslider\/public\/assets\/js\/\",\n\t\t\tsliderLayout:\"fullwidth\",\n\t\t\tdottedOverlay:\"none\",\n\t\t\tdelay:9000,\n\t\t\tvisibilityLevels:[1240,1024,778,480],\n\t\t\tgridwidth:1400,\n\t\t\tgridheight:600,\n\t\t\tlazyType:\"smart\",\n\t\t\tparallax: {\n\t\t\t\ttype:\"mouse\",\n\t\t\t\torigo:\"slidercenter\",\n\t\t\t\tspeed:2000,\n\t\t\t\tspeedbg:0,\n\t\t\t\tspeedls:0,\n\t\t\t\tlevels:[2,3,4,5,6,7,12,16,10,50,47,48,49,50,51,55],\n\t\t\t},\n\t\t\tshadow:0,\n\t\t\tspinner:\"off\",\n\t\t\tautoHeight:\"on\",\n\t\t\tdisableProgressBar:\"on\",\n\t\t\thideThumbsOnMobile:\"on\",\n\t\t\thideSliderAtLimit:0,\n\t\t\thideCaptionAtLimit:0,\n\t\t\thideAllCaptionAtLilmit:0,\n\t\t\tdebugMode:false,\n\t\t\tfallbacks: {\n\t\t\t\tsimplifyAll:\"off\",\n\t\t\t\tdisableFocusListener:false,\n\t\t\t}\n\t\t});\n\t}; \/* END OF revapi call *\/\n\t\n }; \/* END OF ON LOAD FUNCTION *\/\r\n}()); \/* END OF WRAPPING FUNCTION *\/\r\n<\/script>\r\n\t\t<\/div><!-- END REVOLUTION SLIDER -->[\/vc_column][\/vc_row][vc_row][vc_column][vc_empty_space][\/vc_column][\/vc_row][vc_row][vc_column width=&#8221;1\/2&#8243;][vc_custom_heading text=&#8221;TRAITEMENT DE LA TOXICOMANIE&#8221; font_container=&#8221;tag:h2|text_align:left|color:%235d819a&#8221; use_theme_fonts=&#8221;yes&#8221;][vc_column_text]La toxicomanie est consid\u00e9r\u00e9e comme l\u2019un des plus grands probl\u00e8mes mondiaux. Cette r\u00e9alit\u00e9 continue de flageller des milliers de personnes chaque jour, directement ou indirectement.<\/p>\n<p>C\u2019est une lutte in\u00e9gale dans laquelle la volont\u00e9 n\u2019est g\u00e9n\u00e9ralement pas suffisante. La consommation de drogues est un moyen de transport pour que les secondes maladies continuent de se propager, que les d\u00e9c\u00e8s continuent d\u2019arriver et que les familles continuent \u00e0 souffrir. La toxicomanie a un traitement, il n\u2019est pas n\u00e9cessaire que ce processus autodestructeur se perp\u00e9tue. Mais plus important que de s\u2019arr\u00eater, c\u2019est de rester abstinent.<\/p>\n<p>Pour arr\u00eater de consommer des drogues, un suivi et une surveillance m\u00e9dicales sont essentiels. Pour maintenir l\u2019abstinence, trois choses sont fondamentales : un lieu qui r\u00e9unit les meilleures conditions, un programme th\u00e9rapeutique actuel et complet et une \u00e9quipe technique exp\u00e9riment\u00e9e dans le domaine des d\u00e9pendances et motiv\u00e9e.<\/p>\n<p>Horizonte Recover r\u00e9unit tout cela avec un traitement de la plus haute efficacit\u00e9 avec un maximum de confort et, le plus important, des r\u00e9sultats.[\/vc_column_text][\/vc_column][vc_column width=&#8221;1\/2&#8243;][vc_empty_space height=&#8221;62px&#8221;][vc_custom_heading text=&#8221;Pourquoi n&#8217;arrive-je pas \u00e0 y parvenir?&#8221; font_container=&#8221;tag:h3|text_align:left|color:%235d819a&#8221; use_theme_fonts=&#8221;yes&#8221;][vc_column_text]Si vous ne r\u00e9ussissez pas \u00e0 arr\u00eater et \u00e0 maintenir l&#8217;abstinence seul, ou si vous ne pouvez pas apporter votre aide \u00e0 quelqu&#8217;un qui vous est proche, prenez contact avec nos services et clarifiez tous vos doutes. Notre clinique priv\u00e9e propose les tarifs les plus concurrentiels dans ce secteur.<\/p>\n<h4>Si vous rencontrez des difficult\u00e9s avec l&#8217;alcool ou si vous souhaitez apporter votre aide \u00e0 quelqu&#8217;un dans cette situation, cela pourrait \u00eatre votre voie.<\/h4>\n<p>[\/vc_column_text][\/vc_column][\/vc_row]<\/p>","protected":false},"excerpt":{"rendered":"<p>[vc_row][vc_column][\/vc_column][\/vc_row][vc_row][vc_column][vc_empty_space][\/vc_column][\/vc_row][vc_row][vc_column width=&#8221;1\/2&#8243;][vc_custom_heading text=&#8221;TRAITEMENT DE LA TOXICOMANIE&#8221; font_container=&#8221;tag:h2|text_align:left|color:%235d819a&#8221; use_theme_fonts=&#8221;yes&#8221;][vc_column_text]La toxicomanie est consid\u00e9r\u00e9e comme l\u2019un des plus grands probl\u00e8mes mondiaux. Cette r\u00e9alit\u00e9 continue de flageller des milliers de personnes chaque jour, directement ou indirectement. C\u2019est une lutte in\u00e9gale dans laquelle la volont\u00e9 n\u2019est g\u00e9n\u00e9ralement pas suffisante. La consommation de drogues est un moyen de transport pour que&#8230;<\/p>\n","protected":false},"author":1,"featured_media":5045,"parent":0,"menu_order":0,"comment_status":"closed","ping_status":"closed","template":"","meta":{"footnotes":""},"class_list":["post-4652","page","type-page","status-publish","has-post-thumbnail","hentry"],"_links":{"self":[{"href":"https:\/\/horizonterecover.pt\/fr\/wp-json\/wp\/v2\/pages\/4652","targetHints":{"allow":["GET"]}}],"collection":[{"href":"https:\/\/horizonterecover.pt\/fr\/wp-json\/wp\/v2\/pages"}],"about":[{"href":"https:\/\/horizonterecover.pt\/fr\/wp-json\/wp\/v2\/types\/page"}],"author":[{"embeddable":true,"href":"https:\/\/horizonterecover.pt\/fr\/wp-json\/wp\/v2\/users\/1"}],"replies":[{"embeddable":true,"href":"https:\/\/horizonterecover.pt\/fr\/wp-json\/wp\/v2\/comments?post=4652"}],"version-history":[{"count":20,"href":"https:\/\/horizonterecover.pt\/fr\/wp-json\/wp\/v2\/pages\/4652\/revisions"}],"predecessor-version":[{"id":5059,"href":"https:\/\/horizonterecover.pt\/fr\/wp-json\/wp\/v2\/pages\/4652\/revisions\/5059"}],"wp:featuredmedia":[{"embeddable":true,"href":"https:\/\/horizonterecover.pt\/fr\/wp-json\/wp\/v2\/media\/5045"}],"wp:attachment":[{"href":"https:\/\/horizonterecover.pt\/fr\/wp-json\/wp\/v2\/media?parent=4652"}],"curies":[{"name":"wp","href":"https:\/\/api.w.org\/{rel}","templated":true}]}}