{"id":4656,"date":"2019-11-01T17:52:45","date_gmt":"2019-11-01T17:52:45","guid":{"rendered":"https:\/\/horizonterecover.pt\/?page_id=4656"},"modified":"2024-06-27T10:54:17","modified_gmt":"2024-06-27T10:54:17","slug":"depressao","status":"publish","type":"page","link":"https:\/\/horizonterecover.pt\/fr\/depressao\/","title":{"rendered":"LA D\u00c9PRESSION"},"content":{"rendered":"<p>[vc_row][vc_column]\n<div id=\"rev_slider_24_2_wrapper\" class=\"rev_slider_wrapper fullwidthbanner-container\" data-source=\"gallery\" style=\"margin:0px auto;background:transparent;padding:0px;margin-top:0px;margin-bottom:0px;\">\n<!-- START REVOLUTION SLIDER 5.4.8.3 fullwidth mode -->\n\t<div id=\"rev_slider_24_2\" class=\"rev_slider fullwidthabanner\" style=\"display:none;\" data-version=\"5.4.8.3\">\n<ul>\t<!-- SLIDE  -->\n\t<li data-index=\"rs-51\" data-transition=\"slideleft\" data-slotamount=\"default\" data-hideafterloop=\"0\" data-hideslideonmobile=\"off\"  data-easein=\"Power3.easeInOut\" data-easeout=\"default\" data-masterspeed=\"800\"  data-thumb=\"https:\/\/horizonterecover.pt\/wp-content\/uploads\/2016\/01\/DEPRESS-100x50.png\"  data-delay=\"6999\"  data-rotate=\"0\"  data-saveperformance=\"off\"  data-title=\"Slide\" data-param1=\"\" data-param2=\"\" data-param3=\"\" data-param4=\"\" data-param5=\"\" data-param6=\"\" data-param7=\"\" data-param8=\"\" data-param9=\"\" data-param10=\"\" data-description=\"\">\n\t\t<!-- MAIN IMAGE -->\n\t\t<img loading=\"lazy\" decoding=\"async\" src=\"https:\/\/horizonterecover.pt\/wp-content\/plugins\/revslider\/admin\/assets\/images\/dummy.png\"  alt=\"\" title=\"DEPRESS\"  width=\"1600\" height=\"800\" data-lazyload=\"https:\/\/horizonterecover.pt\/wp-content\/uploads\/2016\/01\/DEPRESS.png\" data-bgposition=\"center center\" data-bgfit=\"cover\" data-bgrepeat=\"no-repeat\" data-bgparallax=\"off\" class=\"rev-slidebg\" data-no-retina>\n\t\t<!-- LAYERS -->\n\t<\/li>\n<\/ul>\n<div class=\"tp-bannertimer tp-bottom\" style=\"visibility: hidden !important;\"><\/div>\t<\/div>\n<script>var htmlDiv = document.getElementById(\"rs-plugin-settings-inline-css\"); var htmlDivCss=\"\";\r\n\t\t\t\tif(htmlDiv) {\r\n\t\t\t\t\thtmlDiv.innerHTML = htmlDiv.innerHTML + htmlDivCss;\r\n\t\t\t\t}else{\r\n\t\t\t\t\tvar htmlDiv = document.createElement(\"div\");\r\n\t\t\t\t\thtmlDiv.innerHTML = \"<style>\" + htmlDivCss + \"<\/style>\";\r\n\t\t\t\t\tdocument.getElementsByTagName(\"head\")[0].appendChild(htmlDiv.childNodes[0]);\r\n\t\t\t\t}\r\n\t\t\t<\/script>\n\t\t<script type=\"text\/javascript\">\r\nif (setREVStartSize!==undefined) setREVStartSize(\r\n\t{c: '#rev_slider_24_2', gridwidth: [1400], gridheight: [600], sliderLayout: 'fullwidth'});\r\n\t\t\t\r\nvar revapi24,\r\n\ttpj;\t\r\n(function() {\t\t\t\r\n\tif (!\/loaded|interactive|complete\/.test(document.readyState)) document.addEventListener(\"DOMContentLoaded\",onLoad); else onLoad();\t\r\n\tfunction onLoad() {\t\t\t\t\r\n\t\tif (tpj===undefined) { tpj = jQuery; if(\"off\" == \"on\") tpj.noConflict();}\r\n\tif(tpj(\"#rev_slider_24_2\").revolution == undefined){\n\t\trevslider_showDoubleJqueryError(\"#rev_slider_24_2\");\n\t}else{\n\t\trevapi24 = tpj(\"#rev_slider_24_2\").show().revolution({\n\t\t\tsliderType:\"hero\",\n\t\t\tjsFileLocation:\"\/\/horizonterecover.pt\/wp-content\/plugins\/revslider\/public\/assets\/js\/\",\n\t\t\tsliderLayout:\"fullwidth\",\n\t\t\tdottedOverlay:\"none\",\n\t\t\tdelay:9000,\n\t\t\tvisibilityLevels:[1240,1024,778,480],\n\t\t\tgridwidth:1400,\n\t\t\tgridheight:600,\n\t\t\tlazyType:\"smart\",\n\t\t\tparallax: {\n\t\t\t\ttype:\"mouse\",\n\t\t\t\torigo:\"slidercenter\",\n\t\t\t\tspeed:2000,\n\t\t\t\tspeedbg:0,\n\t\t\t\tspeedls:0,\n\t\t\t\tlevels:[2,3,4,5,6,7,12,16,10,50,47,48,49,50,51,55],\n\t\t\t},\n\t\t\tshadow:0,\n\t\t\tspinner:\"off\",\n\t\t\tautoHeight:\"on\",\n\t\t\tdisableProgressBar:\"on\",\n\t\t\thideThumbsOnMobile:\"on\",\n\t\t\thideSliderAtLimit:0,\n\t\t\thideCaptionAtLimit:0,\n\t\t\thideAllCaptionAtLilmit:0,\n\t\t\tdebugMode:false,\n\t\t\tfallbacks: {\n\t\t\t\tsimplifyAll:\"off\",\n\t\t\t\tdisableFocusListener:false,\n\t\t\t}\n\t\t});\n\t}; \/* END OF revapi call *\/\n\t\n }; \/* END OF ON LOAD FUNCTION *\/\r\n}()); \/* END OF WRAPPING FUNCTION *\/\r\n<\/script>\r\n\t\t<\/div><!-- END REVOLUTION SLIDER -->[\/vc_column][\/vc_row][vc_row][vc_column][vc_empty_space][\/vc_column][\/vc_row][vc_row][vc_column width=&#8221;1\/2&#8243;][vc_custom_heading text=&#8221;LA D\u00c9PRESSION&#8221; font_container=&#8221;tag:h2|text_align:left|color:%235d819a&#8221; use_theme_fonts=&#8221;yes&#8221;][vc_column_text]<\/p>\n<h4>La perte d\u2019int\u00e9r\u00eat pour les activit\u00e9s que vous aimiez autrefois, y compris la socialisation avec d\u2019autres personnes. Devenir passif et sans but, avoir des sentiments de peur et de d\u00e9tresse et vivre une vie de vide.<\/h4>\n<h4>Le d\u00e9tachement des choses simples de la vie quotidienne, qui deviennent insupportables et sans importance, entra\u00eene \u00e9galement des changements dans la pens\u00e9e (la concentration, le raisonnement et la m\u00e9moire sont affect\u00e9s. Ce que nous pensons de nous-m\u00eames nous fait percevoir l\u2019avenir comme n\u00e9gatif.<\/h4>\n<h4>\u00catre d\u00e9prim\u00e9, c\u2019est comme jeter tous les biens que vous avez dans votre maison, et quand vous faites le m\u00e9nage, vous regardez autour de vous et vous vous rendez compte : \u201cJe n\u2019ai rien, je serai mis\u00e9rable, je n\u2019ai pas d\u2019avenir, il n\u2019y a pas d\u2019espoir pour moi\u201d.<\/h4>\n<h4>La d\u00e9pression est une maladie courante qui, si elle est correctement trait\u00e9e, dans la plupart des cas, les patients r\u00e9pondront bien au traitement. Il est n\u00e9cessaire d\u2019avoir un traitement qui combine l\u2019utilisation de m\u00e9dicaments avec une assistance psychoth\u00e9rapeutique, en cherchant \u00e0 responsabiliser le patient et en l\u2019aidant \u00e0 g\u00e9rer ses probl\u00e8mes et ses frustrations quotidiennes d\u2019une mani\u00e8re plus saine.<\/h4>\n<p>[\/vc_column_text][\/vc_column][vc_column width=&#8221;1\/2&#8243;][vc_empty_space height=&#8221;62px&#8221;][vc_custom_heading text=&#8221;Comment nous travaillons avec le probl\u00e8me de la d\u00e9pression&#8221; font_container=&#8221;tag:h3|text_align:left|color:%235d819a&#8221; use_theme_fonts=&#8221;yes&#8221;][vc_column_text]<\/p>\n<h4>Le fait de commencer le traitement avec des personnes souffrant de sympt\u00f4mes d\u00e9pressifs rend indispensable l\u2019implication de la famille dans ce plan de changement (Programme Familial). L\u2019\u00e9valuation des forces et des faiblesses conduit \u00e0 ce que notre programme soit bas\u00e9 sur les aspects positifs et le potentiel de chaque personne. Commencez le changement et regardez les difficult\u00e9s d\u2019une autre mani\u00e8re. Donner un sens \u00e0 la vie et la rendre int\u00e9ressante, cr\u00e9er de nouveaux d\u00e9fis sont les principaux objectifs du changement et de notre traitement.<\/h4>\n<h4>La condition physique et la fr\u00e9quentation de la salle de sport sont \u00e9galement importantes, ce qui met en \u00e9vidence la n\u00e9cessit\u00e9 d\u2019augmenter l\u2019activit\u00e9 pour lutter contre les \u201chormones du stress\u201d, en procurant une sensation d\u2019\u00e9nergie revitalis\u00e9e gr\u00e2ce \u00e0 une capacit\u00e9 cardiovasculaire et musculaire accrue sous la supervision d\u2019un entra\u00eeneur personnel et un plan d\u2019entra\u00eenement hebdomadaire.<\/h4>\n<h4>Cela permet de cr\u00e9er une perception plus positive de soi-m\u00eame, permettant ainsi \u00e0 la personne de mieux comprendre la relation entre un effort continu et une possibilit\u00e9 de changement.<\/h4>\n<p>[\/vc_column_text][\/vc_column][\/vc_row][vc_row full_width=&#8221;stretch_row&#8221; bg_type=&#8221;bg_color&#8221; bg_color_value=&#8221;#5d819a&#8221;][vc_column]    <div class=\"fekra-heading-style\">\r\n        <header class=\"page-heading text-center \">\r\n                                        <h3 class=\"heading margin-bottom-10  lime text-capitalize font-light\"><\/h3>\r\n                            <h3 style=\"text-align: center;\"><span style=\"color: #ffffff;\">La d\u00e9pression n\u2019est plus une fatalit\u00e9 ou mal\u00e9diction, et aujourd\u2019hui, toute d\u00e9pression peut trouver un traitement efficace. M\u00eame si quelqu\u2019un a dit que vous \u00eates d\u00e9prim\u00e9 pour le reste de votre vie, la d\u00e9pression est une r\u00e9action salubre de votre organisme : une indication de que la vie ne se d\u00e9roule pas bien et il faut prendre des mesures.<\/span><\/h3>\n        <\/header>\r\n    <\/div>\r\n    [\/vc_column][\/vc_row][vc_row][vc_column][vc_empty_space][vc_custom_heading text=&#8221;LA D\u00c9PRESSION PEUT SE SOIGNER&#8221; font_container=&#8221;tag:h3|text_align:left|color:%235d819a&#8221; use_theme_fonts=&#8221;yes&#8221;][vc_column_text]<\/p>\n<h4>Pendant le traitement chez la Clinique Horizonte, les patients seront engag\u00e9s dans plusieurs activit\u00e9s th\u00e9rapeutiques et compl\u00e9mentaires, individuellement ou en groupe. Tout cela permettra de restaurer et de renforcer des mod\u00e8les sains de relations avec eux-m\u00eames (estime de soi) et avec les autres. Des habitudes saines et des habitudes quotidiennes feront partie de la vie quotidienne du patient.<\/h4>\n<h4>La d\u00e9pression peut \u00eatre trait\u00e9e. Nous facilitons la r\u00e9adaptation et la rendons plus confidentielle. Si vous avez des questions ou des pr\u00e9occupations, veuillez contacter notre \u00e9quipe technique et nous serons heureux de vous aider. Nous contacter pour prendre rendez-vous. Venez voir nos installations, notre programme th\u00e9rapeutique et notre \u00e9quipe.<\/h4>\n<p>[\/vc_column_text][\/vc_column][\/vc_row]<\/p>","protected":false},"excerpt":{"rendered":"<p>[vc_row][vc_column][\/vc_column][\/vc_row][vc_row][vc_column][vc_empty_space][\/vc_column][\/vc_row][vc_row][vc_column width=&#8221;1\/2&#8243;][vc_custom_heading text=&#8221;LA D\u00c9PRESSION&#8221; font_container=&#8221;tag:h2|text_align:left|color:%235d819a&#8221; use_theme_fonts=&#8221;yes&#8221;][vc_column_text] La perte d\u2019int\u00e9r\u00eat pour les activit\u00e9s que vous aimiez autrefois, y compris la socialisation avec d\u2019autres personnes. Devenir passif et sans but, avoir des sentiments de peur et de d\u00e9tresse et vivre une vie de vide. Le d\u00e9tachement des choses simples de la vie quotidienne, qui deviennent insupportables et&#8230;<\/p>\n","protected":false},"author":1,"featured_media":5047,"parent":0,"menu_order":0,"comment_status":"closed","ping_status":"closed","template":"","meta":{"footnotes":""},"class_list":["post-4656","page","type-page","status-publish","has-post-thumbnail","hentry"],"_links":{"self":[{"href":"https:\/\/horizonterecover.pt\/fr\/wp-json\/wp\/v2\/pages\/4656","targetHints":{"allow":["GET"]}}],"collection":[{"href":"https:\/\/horizonterecover.pt\/fr\/wp-json\/wp\/v2\/pages"}],"about":[{"href":"https:\/\/horizonterecover.pt\/fr\/wp-json\/wp\/v2\/types\/page"}],"author":[{"embeddable":true,"href":"https:\/\/horizonterecover.pt\/fr\/wp-json\/wp\/v2\/users\/1"}],"replies":[{"embeddable":true,"href":"https:\/\/horizonterecover.pt\/fr\/wp-json\/wp\/v2\/comments?post=4656"}],"version-history":[{"count":21,"href":"https:\/\/horizonterecover.pt\/fr\/wp-json\/wp\/v2\/pages\/4656\/revisions"}],"predecessor-version":[{"id":5097,"href":"https:\/\/horizonterecover.pt\/fr\/wp-json\/wp\/v2\/pages\/4656\/revisions\/5097"}],"wp:featuredmedia":[{"embeddable":true,"href":"https:\/\/horizonterecover.pt\/fr\/wp-json\/wp\/v2\/media\/5047"}],"wp:attachment":[{"href":"https:\/\/horizonterecover.pt\/fr\/wp-json\/wp\/v2\/media?parent=4656"}],"curies":[{"name":"wp","href":"https:\/\/api.w.org\/{rel}","templated":true}]}}