{"id":4658,"date":"2019-11-01T17:53:14","date_gmt":"2019-11-01T17:53:14","guid":{"rendered":"https:\/\/horizonterecover.pt\/?page_id=4658"},"modified":"2024-06-26T12:26:55","modified_gmt":"2024-06-26T12:26:55","slug":"disturbios-alimentares","status":"publish","type":"page","link":"https:\/\/horizonterecover.pt\/fr\/disturbios-alimentares\/","title":{"rendered":"LES TROUBLES ALIMENTAIRES"},"content":{"rendered":"<p>[vc_row][vc_column]\n<div id=\"rev_slider_23_2_wrapper\" class=\"rev_slider_wrapper fullwidthbanner-container\" data-source=\"gallery\" style=\"margin:0px auto;background:transparent;padding:0px;margin-top:0px;margin-bottom:0px;\">\n<!-- START REVOLUTION SLIDER 5.4.8.3 fullwidth mode -->\n\t<div id=\"rev_slider_23_2\" class=\"rev_slider fullwidthabanner\" style=\"display:none;\" data-version=\"5.4.8.3\">\n<ul>\t<!-- SLIDE  -->\n\t<li data-index=\"rs-50\" data-transition=\"slideleft\" data-slotamount=\"default\" data-hideafterloop=\"0\" data-hideslideonmobile=\"off\"  data-easein=\"Power3.easeInOut\" data-easeout=\"default\" data-masterspeed=\"800\"  data-thumb=\"https:\/\/horizonterecover.pt\/wp-content\/uploads\/2016\/01\/ALIMENTAR-100x50.png\"  data-delay=\"6999\"  data-rotate=\"0\"  data-saveperformance=\"off\"  data-title=\"Slide\" data-param1=\"\" data-param2=\"\" data-param3=\"\" data-param4=\"\" data-param5=\"\" data-param6=\"\" data-param7=\"\" data-param8=\"\" data-param9=\"\" data-param10=\"\" data-description=\"\">\n\t\t<!-- MAIN IMAGE -->\n\t\t<img loading=\"lazy\" decoding=\"async\" src=\"https:\/\/horizonterecover.pt\/wp-content\/plugins\/revslider\/admin\/assets\/images\/dummy.png\"  alt=\"\" title=\"ALIMENTAR\"  width=\"1600\" height=\"800\" data-lazyload=\"https:\/\/horizonterecover.pt\/wp-content\/uploads\/2016\/01\/ALIMENTAR.png\" data-bgposition=\"center center\" data-bgfit=\"cover\" data-bgrepeat=\"no-repeat\" data-bgparallax=\"off\" class=\"rev-slidebg\" data-no-retina>\n\t\t<!-- LAYERS -->\n\t<\/li>\n<\/ul>\n<div class=\"tp-bannertimer tp-bottom\" style=\"visibility: hidden !important;\"><\/div>\t<\/div>\n<script>var htmlDiv = document.getElementById(\"rs-plugin-settings-inline-css\"); var htmlDivCss=\"\";\r\n\t\t\t\tif(htmlDiv) {\r\n\t\t\t\t\thtmlDiv.innerHTML = htmlDiv.innerHTML + htmlDivCss;\r\n\t\t\t\t}else{\r\n\t\t\t\t\tvar htmlDiv = document.createElement(\"div\");\r\n\t\t\t\t\thtmlDiv.innerHTML = \"<style>\" + htmlDivCss + \"<\/style>\";\r\n\t\t\t\t\tdocument.getElementsByTagName(\"head\")[0].appendChild(htmlDiv.childNodes[0]);\r\n\t\t\t\t}\r\n\t\t\t<\/script>\n\t\t<script type=\"text\/javascript\">\r\nif (setREVStartSize!==undefined) setREVStartSize(\r\n\t{c: '#rev_slider_23_2', gridwidth: [1400], gridheight: [600], sliderLayout: 'fullwidth'});\r\n\t\t\t\r\nvar revapi23,\r\n\ttpj;\t\r\n(function() {\t\t\t\r\n\tif (!\/loaded|interactive|complete\/.test(document.readyState)) document.addEventListener(\"DOMContentLoaded\",onLoad); else onLoad();\t\r\n\tfunction onLoad() {\t\t\t\t\r\n\t\tif (tpj===undefined) { tpj = jQuery; if(\"off\" == \"on\") tpj.noConflict();}\r\n\tif(tpj(\"#rev_slider_23_2\").revolution == undefined){\n\t\trevslider_showDoubleJqueryError(\"#rev_slider_23_2\");\n\t}else{\n\t\trevapi23 = tpj(\"#rev_slider_23_2\").show().revolution({\n\t\t\tsliderType:\"hero\",\n\t\t\tjsFileLocation:\"\/\/horizonterecover.pt\/wp-content\/plugins\/revslider\/public\/assets\/js\/\",\n\t\t\tsliderLayout:\"fullwidth\",\n\t\t\tdottedOverlay:\"none\",\n\t\t\tdelay:9000,\n\t\t\tvisibilityLevels:[1240,1024,778,480],\n\t\t\tgridwidth:1400,\n\t\t\tgridheight:600,\n\t\t\tlazyType:\"smart\",\n\t\t\tparallax: {\n\t\t\t\ttype:\"mouse\",\n\t\t\t\torigo:\"slidercenter\",\n\t\t\t\tspeed:2000,\n\t\t\t\tspeedbg:0,\n\t\t\t\tspeedls:0,\n\t\t\t\tlevels:[2,3,4,5,6,7,12,16,10,50,47,48,49,50,51,55],\n\t\t\t},\n\t\t\tshadow:0,\n\t\t\tspinner:\"off\",\n\t\t\tautoHeight:\"on\",\n\t\t\tdisableProgressBar:\"on\",\n\t\t\thideThumbsOnMobile:\"on\",\n\t\t\thideSliderAtLimit:0,\n\t\t\thideCaptionAtLimit:0,\n\t\t\thideAllCaptionAtLilmit:0,\n\t\t\tdebugMode:false,\n\t\t\tfallbacks: {\n\t\t\t\tsimplifyAll:\"off\",\n\t\t\t\tdisableFocusListener:false,\n\t\t\t}\n\t\t});\n\t}; \/* END OF revapi call *\/\n\t\n }; \/* END OF ON LOAD FUNCTION *\/\r\n}()); \/* END OF WRAPPING FUNCTION *\/\r\n<\/script>\r\n\t\t<\/div><!-- END REVOLUTION SLIDER -->[\/vc_column][\/vc_row][vc_row][vc_column][vc_empty_space][\/vc_column][\/vc_row][vc_row gap=&#8221;20&#8243; css=&#8221;.vc_custom_1719399084483{padding-right: 5% !important;padding-left: 5% !important;}&#8221;][vc_column width=&#8221;1\/2&#8243;][vc_custom_heading text=&#8221;LES TROUBLES ALIMENTAIRES&#8221; font_container=&#8221;tag:h2|text_align:left|color:%235d819a&#8221; use_theme_fonts=&#8221;yes&#8221;][vc_column_text]Parfois, lorsqu&#8217;on rencontre des difficult\u00e9s \u00e9motionnelles, on trouve du r\u00e9confort dans des comportements n\u00e9fastes. Ces actions ont pour objectif d&#8217;accro\u00eetre la satisfaction personnelle, mais elles entra\u00eenent des comportements autodestructifs incontr\u00f4lables. Le probl\u00e8me de l&#8217;alimentation est principalement pr\u00e9sent chez les jeunes filles, mais il est de plus en plus courant chez les hommes.<br \/>\nCertains troubles alimentaires peuvent \u00eatre mis en \u00e9vidence : anorexie, boulimie et compulsion alimentaire.<\/p>\n<p>Si nous ne saisissons pas et ne prenons pas en compte notre aspect \u00e9motionnel, nous ne ferons que constater les r\u00e9percussions, ce qui entra\u00eenera des r\u00e9sultats difficiles. En collaboration avec un programme alimentaire accompagn\u00e9 d&#8217;un expert en nutrition, Horizon Recover \u00e9tablira les conditions indispensables pour la r\u00e9cup\u00e9ration : un cadre chaleureux et s\u00e9curis\u00e9, un suivi m\u00e9dical, un plan th\u00e9rapeutique adapt\u00e9 et une assistance th\u00e9rapeutique.[\/vc_column_text][\/vc_column][vc_column width=&#8221;1\/2&#8243;][vc_empty_space height=&#8221;42px&#8221;][vc_column_text]<\/p>\n<h4>Si vous cherchez de l\u2019aide pour vous-m\u00eame ou si vous souhaitez aider quelqu\u2019un que vous aimez, contactez notre \u00e9quipe pour savoir quelles sont vos prochaines \u00e9tapes.<\/h4>\n<p>[\/vc_column_text][\/vc_column][\/vc_row][vc_row full_width=&#8221;stretch_row&#8221; bg_type=&#8221;bg_color&#8221; bg_color_value=&#8221;#5d819a&#8221;][vc_column]    <div class=\"fekra-heading-style\">\r\n        <header class=\"page-heading text-center \">\r\n                                        <h2 class=\"text-capitalize font-light heading margin-bottom-10 lime \"><\/h2>\r\n                            <h2 style=\"text-align: center;\"><span style=\"color: #ffffff;\">Bien que le pronostic de la boulimie soit g\u00e9n\u00e9ralement meilleur que celui de l\u2019anorexie, le risque de d\u00e9c\u00e8s des personnes touch\u00e9es reste plus \u00e9lev\u00e9 que celui de la population g\u00e9n\u00e9rale.<\/span><\/h2>\n        <\/header>\r\n    <\/div>\r\n    [\/vc_column][\/vc_row]<\/p>","protected":false},"excerpt":{"rendered":"<p>[vc_row][vc_column][\/vc_column][\/vc_row][vc_row][vc_column][vc_empty_space][\/vc_column][\/vc_row][vc_row gap=&#8221;20&#8243; css=&#8221;.vc_custom_1719399084483{padding-right: 5% !important;padding-left: 5% !important;}&#8221;][vc_column width=&#8221;1\/2&#8243;][vc_custom_heading text=&#8221;LES TROUBLES ALIMENTAIRES&#8221; font_container=&#8221;tag:h2|text_align:left|color:%235d819a&#8221; use_theme_fonts=&#8221;yes&#8221;][vc_column_text]Parfois, lorsqu&#8217;on rencontre des difficult\u00e9s \u00e9motionnelles, on trouve du r\u00e9confort dans des comportements n\u00e9fastes. Ces actions ont pour objectif d&#8217;accro\u00eetre la satisfaction personnelle, mais elles entra\u00eenent des comportements autodestructifs incontr\u00f4lables. Le probl\u00e8me de l&#8217;alimentation est principalement pr\u00e9sent chez les jeunes filles, mais il&#8230;<\/p>\n","protected":false},"author":1,"featured_media":5048,"parent":0,"menu_order":0,"comment_status":"closed","ping_status":"closed","template":"","meta":{"footnotes":""},"class_list":["post-4658","page","type-page","status-publish","has-post-thumbnail","hentry"],"_links":{"self":[{"href":"https:\/\/horizonterecover.pt\/fr\/wp-json\/wp\/v2\/pages\/4658","targetHints":{"allow":["GET"]}}],"collection":[{"href":"https:\/\/horizonterecover.pt\/fr\/wp-json\/wp\/v2\/pages"}],"about":[{"href":"https:\/\/horizonterecover.pt\/fr\/wp-json\/wp\/v2\/types\/page"}],"author":[{"embeddable":true,"href":"https:\/\/horizonterecover.pt\/fr\/wp-json\/wp\/v2\/users\/1"}],"replies":[{"embeddable":true,"href":"https:\/\/horizonterecover.pt\/fr\/wp-json\/wp\/v2\/comments?post=4658"}],"version-history":[{"count":16,"href":"https:\/\/horizonterecover.pt\/fr\/wp-json\/wp\/v2\/pages\/4658\/revisions"}],"predecessor-version":[{"id":5061,"href":"https:\/\/horizonterecover.pt\/fr\/wp-json\/wp\/v2\/pages\/4658\/revisions\/5061"}],"wp:featuredmedia":[{"embeddable":true,"href":"https:\/\/horizonterecover.pt\/fr\/wp-json\/wp\/v2\/media\/5048"}],"wp:attachment":[{"href":"https:\/\/horizonterecover.pt\/fr\/wp-json\/wp\/v2\/media?parent=4658"}],"curies":[{"name":"wp","href":"https:\/\/api.w.org\/{rel}","templated":true}]}}