{"id":4662,"date":"2019-11-01T17:54:12","date_gmt":"2019-11-01T17:54:12","guid":{"rendered":"https:\/\/horizonterecover.pt\/?page_id=4662"},"modified":"2024-06-26T12:31:00","modified_gmt":"2024-06-26T12:31:00","slug":"contatos","status":"publish","type":"page","link":"https:\/\/horizonterecover.pt\/fr\/contatos\/","title":{"rendered":"CONTACTS"},"content":{"rendered":"<p>[vc_row][vc_column]\n<div id=\"rev_slider_28_2_wrapper\" class=\"rev_slider_wrapper fullwidthbanner-container\" data-source=\"gallery\" style=\"margin:0px auto;background:transparent;padding:0px;margin-top:0px;margin-bottom:0px;\">\n<!-- START REVOLUTION SLIDER 5.4.8.3 fullwidth mode -->\n\t<div id=\"rev_slider_28_2\" class=\"rev_slider fullwidthabanner\" style=\"display:none;\" data-version=\"5.4.8.3\">\n<ul>\t<!-- SLIDE  -->\n\t<li data-index=\"rs-56\" data-transition=\"slideleft\" data-slotamount=\"default\" data-hideafterloop=\"0\" data-hideslideonmobile=\"off\"  data-easein=\"Power3.easeInOut\" data-easeout=\"default\" data-masterspeed=\"800\"  data-link=\"https:\/\/www.google.pt\/maps\/place\/Horizonte+-+Clinica+de+tratamento+de+depend%C3%AAncias+e+comportamentos\/@38.7735548,-9.3292788,17z\/data=!3m1!4b1!4m5!3m4!1s0xd1ecf264ded6523:0xdd5d075c1e1dcdad!8m2!3d38.7735506!4d-9.3270901?hl=pt-BR&authuser=0\"  data-target=\"_blank\"  data-thumb=\"https:\/\/horizonterecover.pt\/wp-content\/uploads\/2016\/01\/CONTATOS-100x50.png\"  data-delay=\"6999\"  data-rotate=\"0\"  data-saveperformance=\"off\"  data-title=\"Slide\" data-param1=\"\" data-param2=\"\" data-param3=\"\" data-param4=\"\" data-param5=\"\" data-param6=\"\" data-param7=\"\" data-param8=\"\" data-param9=\"\" data-param10=\"\" data-description=\"\">\n\t\t<!-- MAIN IMAGE -->\n\t\t<img loading=\"lazy\" decoding=\"async\" src=\"https:\/\/horizonterecover.pt\/wp-content\/plugins\/revslider\/admin\/assets\/images\/dummy.png\"  alt=\"\" title=\"CONTATOS\"  width=\"1600\" height=\"800\" data-lazyload=\"https:\/\/horizonterecover.pt\/wp-content\/uploads\/2016\/01\/CONTATOS.png\" data-bgposition=\"center top\" data-bgfit=\"cover\" data-bgrepeat=\"no-repeat\" data-bgparallax=\"off\" class=\"rev-slidebg\" data-no-retina>\n\t\t<!-- LAYERS -->\n\t<\/li>\n<\/ul>\n<div class=\"tp-bannertimer tp-bottom\" style=\"visibility: hidden !important;\"><\/div>\t<\/div>\n<script>var htmlDiv = document.getElementById(\"rs-plugin-settings-inline-css\"); var htmlDivCss=\"\";\r\n\t\t\t\tif(htmlDiv) {\r\n\t\t\t\t\thtmlDiv.innerHTML = htmlDiv.innerHTML + htmlDivCss;\r\n\t\t\t\t}else{\r\n\t\t\t\t\tvar htmlDiv = document.createElement(\"div\");\r\n\t\t\t\t\thtmlDiv.innerHTML = \"<style>\" + htmlDivCss + \"<\/style>\";\r\n\t\t\t\t\tdocument.getElementsByTagName(\"head\")[0].appendChild(htmlDiv.childNodes[0]);\r\n\t\t\t\t}\r\n\t\t\t<\/script>\n\t\t<script type=\"text\/javascript\">\r\nif (setREVStartSize!==undefined) setREVStartSize(\r\n\t{c: '#rev_slider_28_2', gridwidth: [1400], gridheight: [600], sliderLayout: 'fullwidth'});\r\n\t\t\t\r\nvar revapi28,\r\n\ttpj;\t\r\n(function() {\t\t\t\r\n\tif (!\/loaded|interactive|complete\/.test(document.readyState)) document.addEventListener(\"DOMContentLoaded\",onLoad); else onLoad();\t\r\n\tfunction onLoad() {\t\t\t\t\r\n\t\tif (tpj===undefined) { tpj = jQuery; if(\"off\" == \"on\") tpj.noConflict();}\r\n\tif(tpj(\"#rev_slider_28_2\").revolution == undefined){\n\t\trevslider_showDoubleJqueryError(\"#rev_slider_28_2\");\n\t}else{\n\t\trevapi28 = tpj(\"#rev_slider_28_2\").show().revolution({\n\t\t\tsliderType:\"hero\",\n\t\t\tjsFileLocation:\"\/\/horizonterecover.pt\/wp-content\/plugins\/revslider\/public\/assets\/js\/\",\n\t\t\tsliderLayout:\"fullwidth\",\n\t\t\tdottedOverlay:\"none\",\n\t\t\tdelay:9000,\n\t\t\tvisibilityLevels:[1240,1024,778,480],\n\t\t\tgridwidth:1400,\n\t\t\tgridheight:600,\n\t\t\tlazyType:\"smart\",\n\t\t\tparallax: {\n\t\t\t\ttype:\"mouse\",\n\t\t\t\torigo:\"slidercenter\",\n\t\t\t\tspeed:2000,\n\t\t\t\tspeedbg:0,\n\t\t\t\tspeedls:0,\n\t\t\t\tlevels:[2,3,4,5,6,7,12,16,10,50,47,48,49,50,51,55],\n\t\t\t},\n\t\t\tshadow:0,\n\t\t\tspinner:\"off\",\n\t\t\tautoHeight:\"on\",\n\t\t\tdisableProgressBar:\"on\",\n\t\t\thideThumbsOnMobile:\"on\",\n\t\t\thideSliderAtLimit:0,\n\t\t\thideCaptionAtLimit:0,\n\t\t\thideAllCaptionAtLilmit:0,\n\t\t\tdebugMode:false,\n\t\t\tfallbacks: {\n\t\t\t\tsimplifyAll:\"off\",\n\t\t\t\tdisableFocusListener:false,\n\t\t\t}\n\t\t});\n\t}; \/* END OF revapi call *\/\n\t\n }; \/* END OF ON LOAD FUNCTION *\/\r\n}()); \/* END OF WRAPPING FUNCTION *\/\r\n<\/script>\r\n\t\t<\/div><!-- END REVOLUTION SLIDER -->[\/vc_column][\/vc_row][vc_row][vc_column][vc_empty_space][vc_column_text]<\/p>\n<h2><span style=\"color: #5d819a;\">CONTACTS<\/span><\/h2>\n<div id=\"comp-j95ozy0f\" data-packed=\"true\">\n<h4>T\u00e9l\u00e9phone: 210 537 970<br \/>\nT\u00e9l\u00e9phone portable: 969 681 818<\/h4>\n<\/div>\n<h4>Rua Jornal de Sintra N\u00ba26<br \/>\n2635-651\u00a0Rio de Mouro Velho, Sintra<\/h4>\n<div id=\"comp-jgp5eb1y\" data-packed=\"true\">\n<h4>e-mail: <a href=\"mailto:geral.horizonterecover@gmail.com\">geral.horizonterecover@gmail.com<\/a><\/h4>\n<\/div>\n<p>[\/vc_column_text][\/vc_column][\/vc_row]<\/p>","protected":false},"excerpt":{"rendered":"<p>[vc_row][vc_column][\/vc_column][\/vc_row][vc_row][vc_column][vc_empty_space][vc_column_text] CONTACTS T\u00e9l\u00e9phone: 210 537 970 T\u00e9l\u00e9phone portable: 969 681 818 Rua Jornal de Sintra N\u00ba26 2635-651\u00a0Rio de Mouro Velho, Sintra e-mail: geral.horizonterecover@gmail.com [\/vc_column_text][\/vc_column][\/vc_row]<\/p>\n","protected":false},"author":1,"featured_media":0,"parent":0,"menu_order":0,"comment_status":"closed","ping_status":"closed","template":"","meta":{"footnotes":""},"class_list":["post-4662","page","type-page","status-publish","hentry"],"_links":{"self":[{"href":"https:\/\/horizonterecover.pt\/fr\/wp-json\/wp\/v2\/pages\/4662","targetHints":{"allow":["GET"]}}],"collection":[{"href":"https:\/\/horizonterecover.pt\/fr\/wp-json\/wp\/v2\/pages"}],"about":[{"href":"https:\/\/horizonterecover.pt\/fr\/wp-json\/wp\/v2\/types\/page"}],"author":[{"embeddable":true,"href":"https:\/\/horizonterecover.pt\/fr\/wp-json\/wp\/v2\/users\/1"}],"replies":[{"embeddable":true,"href":"https:\/\/horizonterecover.pt\/fr\/wp-json\/wp\/v2\/comments?post=4662"}],"version-history":[{"count":11,"href":"https:\/\/horizonterecover.pt\/fr\/wp-json\/wp\/v2\/pages\/4662\/revisions"}],"predecessor-version":[{"id":5065,"href":"https:\/\/horizonterecover.pt\/fr\/wp-json\/wp\/v2\/pages\/4662\/revisions\/5065"}],"wp:attachment":[{"href":"https:\/\/horizonterecover.pt\/fr\/wp-json\/wp\/v2\/media?parent=4662"}],"curies":[{"name":"wp","href":"https:\/\/api.w.org\/{rel}","templated":true}]}}